{"id":24529,"date":"2023-04-23T20:44:20","date_gmt":"2023-04-23T17:44:20","guid":{"rendered":"https:\/\/geyikhay13trade.com\/?page_id=24529"},"modified":"2023-05-25T19:19:22","modified_gmt":"2023-05-25T16:19:22","slug":"turizm-ticaret","status":"publish","type":"page","link":"https:\/\/geyikhay13trade.com\/index.php\/turizm-ticaret\/","title":{"rendered":"TUR\u0130ZM T\u0130CARET"},"content":{"rendered":"\n<p>Turizm alan\u0131nda faaliyet g\u00f6steren \u015firketimiz, \u0130stanbul Hali\u00e7 merkezli olarak m\u00fc\u015fterilerimize l\u00fcks ve e\u011flenceli bo\u011faz turu hizmeti de sunmaktad\u0131r. \u015eirketimiz, kaliteli \u00fcr\u00fcnler ve g\u00fcler y\u00fczl\u00fc hizmet anlay\u0131\u015f\u0131yla sekt\u00f6rde \u00f6nc\u00fc bir konuma gelmi\u015ftir.<\/p>\n\n\n\n<div class=\"wp-block-uagb-container uagb-block-978615a9 alignfull uagb-is-root-container\"><div class=\"uagb-container-inner-blocks-wrap\">\n<div class=\"wp-block-uagb-container uagb-block-f90e0bd1\">\n<figure class=\"wp-block-image size-full\"><img decoding=\"async\" loading=\"lazy\" width=\"1024\" height=\"768\" src=\"https:\/\/geyikhay13trade.com\/wp-content\/uploads\/2023\/05\/IMG-20230423-WA0022-3.jpg\" alt=\"\" class=\"wp-image-24794\" srcset=\"https:\/\/geyikhay13trade.com\/wp-content\/uploads\/2023\/05\/IMG-20230423-WA0022-3.jpg 1024w, https:\/\/geyikhay13trade.com\/wp-content\/uploads\/2023\/05\/IMG-20230423-WA0022-3-300x225.jpg 300w, https:\/\/geyikhay13trade.com\/wp-content\/uploads\/2023\/05\/IMG-20230423-WA0022-3-768x576.jpg 768w, https:\/\/geyikhay13trade.com\/wp-content\/uploads\/2023\/05\/IMG-20230423-WA0022-3-120x90.jpg 120w\" sizes=\"(max-width: 1024px) 100vw, 1024px\" \/><\/figure>\n<\/div>\n\n\n\n<figure class=\"wp-block-image size-large\"><img decoding=\"async\" loading=\"lazy\" width=\"1024\" height=\"462\" src=\"https:\/\/geyikhay13trade.com\/wp-content\/uploads\/2023\/05\/IMG-20230423-WA0025-2-1024x462.jpg\" alt=\"\" class=\"wp-image-24797\" srcset=\"https:\/\/geyikhay13trade.com\/wp-content\/uploads\/2023\/05\/IMG-20230423-WA0025-2-1024x462.jpg 1024w, https:\/\/geyikhay13trade.com\/wp-content\/uploads\/2023\/05\/IMG-20230423-WA0025-2-300x135.jpg 300w, https:\/\/geyikhay13trade.com\/wp-content\/uploads\/2023\/05\/IMG-20230423-WA0025-2-768x346.jpg 768w, https:\/\/geyikhay13trade.com\/wp-content\/uploads\/2023\/05\/IMG-20230423-WA0025-2-1536x692.jpg 1536w, https:\/\/geyikhay13trade.com\/wp-content\/uploads\/2023\/05\/IMG-20230423-WA0025-2.jpg 2048w\" sizes=\"(max-width: 1024px) 100vw, 1024px\" \/><\/figure>\n\n\n\n<div class=\"wp-block-uagb-container uagb-block-db95ee53\">\n<figure class=\"wp-block-video\"><video controls src=\"https:\/\/geyikhay13trade.com\/wp-content\/uploads\/2023\/05\/WhatsApp-Video-2023-05-25-at-19.17.58.mp4\"><\/video><\/figure>\n<\/div>\n<\/div><\/div>\n\n\n\n<div class=\"wp-block-uagb-container uagb-block-240981a4 alignfull uagb-is-root-container\"><div class=\"uagb-container-inner-blocks-wrap\">\n<div class=\"wp-block-uagb-container uagb-block-d2ec1da4\">\n<figure class=\"wp-block-image size-large\"><img decoding=\"async\" loading=\"lazy\" width=\"1024\" height=\"461\" src=\"https:\/\/geyikhay13trade.com\/wp-content\/uploads\/2023\/05\/IMG-20230423-WA0026-1024x461.jpg\" alt=\"\" class=\"wp-image-24798\" srcset=\"https:\/\/geyikhay13trade.com\/wp-content\/uploads\/2023\/05\/IMG-20230423-WA0026-1024x461.jpg 1024w, https:\/\/geyikhay13trade.com\/wp-content\/uploads\/2023\/05\/IMG-20230423-WA0026-300x135.jpg 300w, https:\/\/geyikhay13trade.com\/wp-content\/uploads\/2023\/05\/IMG-20230423-WA0026-768x346.jpg 768w, https:\/\/geyikhay13trade.com\/wp-content\/uploads\/2023\/05\/IMG-20230423-WA0026-1536x691.jpg 1536w, https:\/\/geyikhay13trade.com\/wp-content\/uploads\/2023\/05\/IMG-20230423-WA0026.jpg 2000w\" sizes=\"(max-width: 1024px) 100vw, 1024px\" \/><\/figure>\n<\/div>\n\n\n\n<div class=\"wp-block-uagb-container uagb-block-7e32f55c\">\n<figure class=\"wp-block-image size-large\"><img decoding=\"async\" loading=\"lazy\" width=\"1024\" height=\"461\" src=\"https:\/\/geyikhay13trade.com\/wp-content\/uploads\/2023\/05\/IMG-20230423-WA0021-2-1024x461.jpg\" alt=\"\" class=\"wp-image-24799\" srcset=\"https:\/\/geyikhay13trade.com\/wp-content\/uploads\/2023\/05\/IMG-20230423-WA0021-2-1024x461.jpg 1024w, https:\/\/geyikhay13trade.com\/wp-content\/uploads\/2023\/05\/IMG-20230423-WA0021-2-300x135.jpg 300w, https:\/\/geyikhay13trade.com\/wp-content\/uploads\/2023\/05\/IMG-20230423-WA0021-2-768x346.jpg 768w, https:\/\/geyikhay13trade.com\/wp-content\/uploads\/2023\/05\/IMG-20230423-WA0021-2-1536x691.jpg 1536w, https:\/\/geyikhay13trade.com\/wp-content\/uploads\/2023\/05\/IMG-20230423-WA0021-2.jpg 1600w\" sizes=\"(max-width: 1024px) 100vw, 1024px\" \/><\/figure>\n<\/div>\n<\/div><\/div>\n\n\n\n<div class=\"wp-block-uagb-container uagb-block-6e27f138 alignfull uagb-is-root-container\"><div class=\"uagb-container-inner-blocks-wrap\">\n<div class=\"wp-block-uagb-container uagb-block-1842379a\">\n<figure class=\"wp-block-image size-large\"><img decoding=\"async\" loading=\"lazy\" width=\"768\" height=\"1024\" src=\"https:\/\/geyikhay13trade.com\/wp-content\/uploads\/2023\/05\/IMG-20230423-WA0030-1-768x1024.jpg\" alt=\"\" class=\"wp-image-24801\" srcset=\"https:\/\/geyikhay13trade.com\/wp-content\/uploads\/2023\/05\/IMG-20230423-WA0030-1-768x1024.jpg 768w, https:\/\/geyikhay13trade.com\/wp-content\/uploads\/2023\/05\/IMG-20230423-WA0030-1-225x300.jpg 225w, https:\/\/geyikhay13trade.com\/wp-content\/uploads\/2023\/05\/IMG-20230423-WA0030-1-1152x1536.jpg 1152w, https:\/\/geyikhay13trade.com\/wp-content\/uploads\/2023\/05\/IMG-20230423-WA0030-1.jpg 1200w\" sizes=\"(max-width: 768px) 100vw, 768px\" \/><\/figure>\n<\/div>\n\n\n\n<div class=\"wp-block-uagb-container uagb-block-4a4a53c3\">\n<figure class=\"wp-block-image size-large\"><img decoding=\"async\" loading=\"lazy\" width=\"768\" height=\"1024\" src=\"https:\/\/geyikhay13trade.com\/wp-content\/uploads\/2023\/05\/IMG-20230423-WA0032-768x1024.jpg\" alt=\"\" class=\"wp-image-24802\" srcset=\"https:\/\/geyikhay13trade.com\/wp-content\/uploads\/2023\/05\/IMG-20230423-WA0032-768x1024.jpg 768w, https:\/\/geyikhay13trade.com\/wp-content\/uploads\/2023\/05\/IMG-20230423-WA0032-225x300.jpg 225w, https:\/\/geyikhay13trade.com\/wp-content\/uploads\/2023\/05\/IMG-20230423-WA0032-1152x1536.jpg 1152w, https:\/\/geyikhay13trade.com\/wp-content\/uploads\/2023\/05\/IMG-20230423-WA0032.jpg 1200w\" sizes=\"(max-width: 768px) 100vw, 768px\" \/><\/figure>\n<\/div>\n<\/div><\/div>\n","protected":false},"excerpt":{"rendered":"<p>Turizm alan\u0131nda faaliyet g\u00f6steren \u015firketimiz, \u0130stanbul Hali\u00e7 merkezli olarak m\u00fc\u015fterilerimize l\u00fcks ve e\u011flenceli bo\u011faz turu hizmeti de sunmaktad\u0131r. \u015eirketimiz, kaliteli \u00fcr\u00fcnler ve g\u00fcler y\u00fczl\u00fc hizmet anlay\u0131\u015f\u0131yla sekt\u00f6rde \u00f6nc\u00fc bir konuma gelmi\u015ftir.<\/p>\n","protected":false},"author":1,"featured_media":0,"parent":0,"menu_order":0,"comment_status":"closed","ping_status":"closed","template":"","meta":{"_uag_custom_page_level_css":""},"uagb_featured_image_src":{"full":false,"thumbnail":false,"medium":false,"medium_large":false,"large":false,"1536x1536":false,"2048x2048":false,"post-thumbnail":false,"head-blog-single":false,"head-blog-archive":false,"head-blog-thumbnail":false},"uagb_author_info":{"display_name":"geyikhay13trade@gmail.com","author_link":"https:\/\/geyikhay13trade.com\/index.php\/author\/geyikhay13tradegmail-com\/"},"uagb_comment_info":0,"uagb_excerpt":"Turizm alan\u0131nda faaliyet g\u00f6steren \u015firketimiz, \u0130stanbul Hali\u00e7 merkezli olarak m\u00fc\u015fterilerimize l\u00fcks ve e\u011flenceli bo\u011faz turu hizmeti de sunmaktad\u0131r. \u015eirketimiz, kaliteli \u00fcr\u00fcnler ve g\u00fcler y\u00fczl\u00fc hizmet anlay\u0131\u015f\u0131yla sekt\u00f6rde \u00f6nc\u00fc bir konuma gelmi\u015ftir.","_links":{"self":[{"href":"https:\/\/geyikhay13trade.com\/index.php\/wp-json\/wp\/v2\/pages\/24529"}],"collection":[{"href":"https:\/\/geyikhay13trade.com\/index.php\/wp-json\/wp\/v2\/pages"}],"about":[{"href":"https:\/\/geyikhay13trade.com\/index.php\/wp-json\/wp\/v2\/types\/page"}],"author":[{"embeddable":true,"href":"https:\/\/geyikhay13trade.com\/index.php\/wp-json\/wp\/v2\/users\/1"}],"replies":[{"embeddable":true,"href":"https:\/\/geyikhay13trade.com\/index.php\/wp-json\/wp\/v2\/comments?post=24529"}],"version-history":[{"count":3,"href":"https:\/\/geyikhay13trade.com\/index.php\/wp-json\/wp\/v2\/pages\/24529\/revisions"}],"predecessor-version":[{"id":25011,"href":"https:\/\/geyikhay13trade.com\/index.php\/wp-json\/wp\/v2\/pages\/24529\/revisions\/25011"}],"wp:attachment":[{"href":"https:\/\/geyikhay13trade.com\/index.php\/wp-json\/wp\/v2\/media?parent=24529"}],"curies":[{"name":"wp","href":"https:\/\/api.w.org\/{rel}","templated":true}]}}