{"id":24613,"date":"2023-05-02T14:52:27","date_gmt":"2023-05-02T11:52:27","guid":{"rendered":"https:\/\/geyikhay13trade.com\/?page_id=24613"},"modified":"2023-05-25T18:42:34","modified_gmt":"2023-05-25T15:42:34","slug":"tarim-urunleri-2","status":"publish","type":"page","link":"https:\/\/geyikhay13trade.com\/index.php\/tarim-urunleri-2\/","title":{"rendered":"TARIM \u00dcR\u00dcNLER\u0130"},"content":{"rendered":"\n<p>Narenciye ve tropikal meyve ticareti yapmaktay\u0131z. Fabrikasyon ve paletleme i\u015flemlerimizi, 2003 y\u0131l\u0131ndan bu yana i\u00e7 piyasaya hizmet veren ve ihracat hizmeti sunan Ticaret Limited \u015eirketimizin Tarsus\u2019taki fabrikam\u0131zda ihracat mallari haz\u0131rlan\u0131p paketlenmektedir.<\/p>\n\n\n\n<div class=\"wp-block-uagb-container uagb-block-0ce2df67 alignfull uagb-is-root-container\"><div class=\"uagb-container-inner-blocks-wrap\">\n<div class=\"wp-block-uagb-container uagb-block-a37f954f\">\n<figure class=\"wp-block-image size-full\"><img decoding=\"async\" src=\"https:\/\/geyikhay13trade.com\/wp-content\/uploads\/2023\/05\/Adsiz-tasarim-26-2.svg\" alt=\"\" class=\"wp-image-24780\"\/><\/figure>\n<\/div>\n\n\n\n<div class=\"wp-block-uagb-container uagb-block-dcd7ee84\">\n<figure class=\"wp-block-image size-full\"><img decoding=\"async\" src=\"https:\/\/geyikhay13trade.com\/wp-content\/uploads\/2023\/05\/Adsiz-tasarim-5-2.svg\" alt=\"\" class=\"wp-image-24789\"\/><\/figure>\n<\/div>\n\n\n\n<div class=\"wp-block-uagb-container uagb-block-8d50834b\">\n<figure class=\"wp-block-image size-full\"><img decoding=\"async\" src=\"https:\/\/geyikhay13trade.com\/wp-content\/uploads\/2023\/05\/Adsiz-tasarim-9-2.svg\" alt=\"\" class=\"wp-image-24783\"\/><\/figure>\n<\/div>\n\n\n\n<div class=\"wp-block-uagb-container uagb-block-4459dfe3\">\n<figure class=\"wp-block-image size-full\"><img decoding=\"async\" src=\"https:\/\/geyikhay13trade.com\/wp-content\/uploads\/2023\/05\/Adsiz-tasarim-7-3.svg\" alt=\"\" class=\"wp-image-24784\"\/><\/figure>\n<\/div>\n\n\n\n<div class=\"wp-block-uagb-container uagb-block-0f3b9a1c\">\n<figure class=\"wp-block-image size-full\"><img decoding=\"async\" src=\"https:\/\/geyikhay13trade.com\/wp-content\/uploads\/2023\/05\/Adsiz-tasarim-4-3.svg\" alt=\"\" class=\"wp-image-24788\"\/><\/figure>\n<\/div>\n\n\n\n<div class=\"wp-block-uagb-container uagb-block-4cba17dc\">\n<figure class=\"wp-block-image size-full\"><img decoding=\"async\" src=\"https:\/\/geyikhay13trade.com\/wp-content\/uploads\/2023\/05\/Adsiz-tasarim-13-1.svg\" alt=\"\" class=\"wp-image-24787\"\/><\/figure>\n<\/div>\n<\/div><\/div>\n\n\n\n<div class=\"wp-block-uagb-container uagb-block-c11a8521 alignfull uagb-is-root-container\"><div class=\"uagb-container-inner-blocks-wrap\">\n<div class=\"wp-block-uagb-container uagb-block-ecbe44dd\">\n<figure class=\"wp-block-image size-large\"><img decoding=\"async\" loading=\"lazy\" width=\"576\" height=\"1024\" src=\"https:\/\/geyikhay13trade.com\/wp-content\/uploads\/2023\/05\/WhatsApp-Image-2023-05-25-at-18.23.16-1-1-576x1024.jpeg\" alt=\"\" class=\"wp-image-24982\" srcset=\"https:\/\/geyikhay13trade.com\/wp-content\/uploads\/2023\/05\/WhatsApp-Image-2023-05-25-at-18.23.16-1-1-576x1024.jpeg 576w, https:\/\/geyikhay13trade.com\/wp-content\/uploads\/2023\/05\/WhatsApp-Image-2023-05-25-at-18.23.16-1-1-169x300.jpeg 169w, https:\/\/geyikhay13trade.com\/wp-content\/uploads\/2023\/05\/WhatsApp-Image-2023-05-25-at-18.23.16-1-1-768x1365.jpeg 768w, https:\/\/geyikhay13trade.com\/wp-content\/uploads\/2023\/05\/WhatsApp-Image-2023-05-25-at-18.23.16-1-1-864x1536.jpeg 864w, https:\/\/geyikhay13trade.com\/wp-content\/uploads\/2023\/05\/WhatsApp-Image-2023-05-25-at-18.23.16-1-1.jpeg 1152w\" sizes=\"(max-width: 576px) 100vw, 576px\" \/><\/figure>\n<\/div>\n\n\n\n<div class=\"wp-block-uagb-container uagb-block-cd1c35e0\">\n<figure class=\"wp-block-image size-large\"><img decoding=\"async\" loading=\"lazy\" width=\"576\" height=\"1024\" src=\"https:\/\/geyikhay13trade.com\/wp-content\/uploads\/2023\/05\/WhatsApp-Image-2023-05-25-at-18.23.16-3-1-576x1024.jpeg\" alt=\"\" class=\"wp-image-24980\" srcset=\"https:\/\/geyikhay13trade.com\/wp-content\/uploads\/2023\/05\/WhatsApp-Image-2023-05-25-at-18.23.16-3-1-576x1024.jpeg 576w, https:\/\/geyikhay13trade.com\/wp-content\/uploads\/2023\/05\/WhatsApp-Image-2023-05-25-at-18.23.16-3-1-169x300.jpeg 169w, https:\/\/geyikhay13trade.com\/wp-content\/uploads\/2023\/05\/WhatsApp-Image-2023-05-25-at-18.23.16-3-1-768x1365.jpeg 768w, https:\/\/geyikhay13trade.com\/wp-content\/uploads\/2023\/05\/WhatsApp-Image-2023-05-25-at-18.23.16-3-1.jpeg 864w\" sizes=\"(max-width: 576px) 100vw, 576px\" \/><\/figure>\n<\/div>\n<\/div><\/div>\n\n\n\n<figure class=\"wp-block-video\"><video controls src=\"https:\/\/geyikhay13trade.com\/wp-content\/uploads\/2023\/05\/WhatsApp-Video-2023-05-25-at-18.34.14.mp4\"><\/video><\/figure>\n","protected":false},"excerpt":{"rendered":"<p>Narenciye ve tropikal meyve ticareti yapmaktay\u0131z. Fabrikasyon ve paletleme i\u015flemlerimizi, 2003 y\u0131l\u0131ndan bu yana i\u00e7 piyasaya hizmet veren ve ihracat hizmeti sunan Ticaret Limited \u015eirketimizin Tarsus\u2019taki fabrikam\u0131zda ihracat mallari haz\u0131rlan\u0131p paketlenmektedir.<\/p>\n","protected":false},"author":1,"featured_media":0,"parent":0,"menu_order":0,"comment_status":"closed","ping_status":"closed","template":"","meta":{"_uag_custom_page_level_css":""},"uagb_featured_image_src":{"full":false,"thumbnail":false,"medium":false,"medium_large":false,"large":false,"1536x1536":false,"2048x2048":false,"post-thumbnail":false,"head-blog-single":false,"head-blog-archive":false,"head-blog-thumbnail":false},"uagb_author_info":{"display_name":"geyikhay13trade@gmail.com","author_link":"https:\/\/geyikhay13trade.com\/index.php\/author\/geyikhay13tradegmail-com\/"},"uagb_comment_info":0,"uagb_excerpt":"Narenciye ve tropikal meyve ticareti yapmaktay\u0131z. Fabrikasyon ve paletleme i\u015flemlerimizi, 2003 y\u0131l\u0131ndan bu yana i\u00e7 piyasaya hizmet veren ve ihracat hizmeti sunan Ticaret Limited \u015eirketimizin Tarsus\u2019taki fabrikam\u0131zda ihracat mallari haz\u0131rlan\u0131p paketlenmektedir.","_links":{"self":[{"href":"https:\/\/geyikhay13trade.com\/index.php\/wp-json\/wp\/v2\/pages\/24613"}],"collection":[{"href":"https:\/\/geyikhay13trade.com\/index.php\/wp-json\/wp\/v2\/pages"}],"about":[{"href":"https:\/\/geyikhay13trade.com\/index.php\/wp-json\/wp\/v2\/types\/page"}],"author":[{"embeddable":true,"href":"https:\/\/geyikhay13trade.com\/index.php\/wp-json\/wp\/v2\/users\/1"}],"replies":[{"embeddable":true,"href":"https:\/\/geyikhay13trade.com\/index.php\/wp-json\/wp\/v2\/comments?post=24613"}],"version-history":[{"count":5,"href":"https:\/\/geyikhay13trade.com\/index.php\/wp-json\/wp\/v2\/pages\/24613\/revisions"}],"predecessor-version":[{"id":24992,"href":"https:\/\/geyikhay13trade.com\/index.php\/wp-json\/wp\/v2\/pages\/24613\/revisions\/24992"}],"wp:attachment":[{"href":"https:\/\/geyikhay13trade.com\/index.php\/wp-json\/wp\/v2\/media?parent=24613"}],"curies":[{"name":"wp","href":"https:\/\/api.w.org\/{rel}","templated":true}]}}