{"id":573,"date":"2023-04-23T20:25:51","date_gmt":"2023-04-23T17:25:51","guid":{"rendered":"https:\/\/geyikhay13trade.com\/?page_id=573"},"modified":"2023-12-16T22:36:17","modified_gmt":"2023-12-16T19:36:17","slug":"anasayfa-2","status":"publish","type":"page","link":"https:\/\/geyikhay13trade.com\/","title":{"rendered":"ANASAYFA"},"content":{"rendered":"\n<div class=\"wp-block-uagb-container uagb-block-a279a6b0 alignfull uagb-is-root-container\"><div class=\"uagb-container-inner-blocks-wrap\">\n<p>Tar\u0131m ve Turizm alan\u0131nda faaliyet g\u00f6steren \u015firketimiz, \u0130stanbul Hali\u00e7 merkezli olarak m\u00fc\u015fterilerimize l\u00fcks ve e\u011flenceli bo\u011faz turu hizmeti de sunmaktad\u0131r. \u015eirketimiz, Narenciye ve Meyve de kaliteli \u00fcr\u00fcnlerle, turizm de g\u00fcler y\u00fczl\u00fc hizmet anlay\u0131\u015f\u0131yla sekt\u00f6rde \u00f6nc\u00fc bir konuma gelmi\u015ftir.<\/p>\n<\/div><\/div>\n\n\n\n<figure class=\"wp-block-gallery has-nested-images columns-default is-cropped wp-block-gallery-1 is-layout-flex\">\n<figure class=\"wp-block-image size-large\"><img decoding=\"async\" loading=\"lazy\" width=\"576\" height=\"1024\" data-id=\"25043\"  src=\"https:\/\/geyikhay13trade.com\/wp-content\/uploads\/2023\/12\/WhatsApp-Image-2023-12-16-at-17.49.07-1-2-576x1024.jpeg\" alt=\"\" class=\"wp-image-25043\" srcset=\"https:\/\/geyikhay13trade.com\/wp-content\/uploads\/2023\/12\/WhatsApp-Image-2023-12-16-at-17.49.07-1-2-576x1024.jpeg 576w, https:\/\/geyikhay13trade.com\/wp-content\/uploads\/2023\/12\/WhatsApp-Image-2023-12-16-at-17.49.07-1-2-169x300.jpeg 169w, https:\/\/geyikhay13trade.com\/wp-content\/uploads\/2023\/12\/WhatsApp-Image-2023-12-16-at-17.49.07-1-2-768x1366.jpeg 768w, https:\/\/geyikhay13trade.com\/wp-content\/uploads\/2023\/12\/WhatsApp-Image-2023-12-16-at-17.49.07-1-2-864x1536.jpeg 864w, https:\/\/geyikhay13trade.com\/wp-content\/uploads\/2023\/12\/WhatsApp-Image-2023-12-16-at-17.49.07-1-2.jpeg 899w\" sizes=\"(max-width: 576px) 100vw, 576px\" \/><\/figure>\n\n\n\n<figure class=\"wp-block-image size-large\"><img decoding=\"async\" loading=\"lazy\" width=\"576\" height=\"1024\" data-id=\"25044\"  src=\"https:\/\/geyikhay13trade.com\/wp-content\/uploads\/2023\/12\/WhatsApp-Image-2023-12-16-at-17.49.07-3-576x1024.jpeg\" alt=\"\" class=\"wp-image-25044\" srcset=\"https:\/\/geyikhay13trade.com\/wp-content\/uploads\/2023\/12\/WhatsApp-Image-2023-12-16-at-17.49.07-3-576x1024.jpeg 576w, https:\/\/geyikhay13trade.com\/wp-content\/uploads\/2023\/12\/WhatsApp-Image-2023-12-16-at-17.49.07-3-169x300.jpeg 169w, https:\/\/geyikhay13trade.com\/wp-content\/uploads\/2023\/12\/WhatsApp-Image-2023-12-16-at-17.49.07-3-768x1366.jpeg 768w, https:\/\/geyikhay13trade.com\/wp-content\/uploads\/2023\/12\/WhatsApp-Image-2023-12-16-at-17.49.07-3-864x1536.jpeg 864w, https:\/\/geyikhay13trade.com\/wp-content\/uploads\/2023\/12\/WhatsApp-Image-2023-12-16-at-17.49.07-3.jpeg 899w\" sizes=\"(max-width: 576px) 100vw, 576px\" \/><\/figure>\n<\/figure>\n\n\n\n<div class=\"wp-block-uagb-container uagb-block-166ea867 alignfull uagb-is-root-container\"><div class=\"uagb-container-inner-blocks-wrap\">\n<div class=\"wp-block-uagb-container uagb-block-8c33711e\">\n<figure class=\"wp-block-image size-full\"><img decoding=\"async\" src=\"https:\/\/geyikhay13trade.com\/wp-content\/uploads\/2023\/05\/Adsiz-tasarim-18-2.svg\" alt=\"\" class=\"wp-image-24985\"\/><\/figure>\n<\/div>\n\n\n\n<div class=\"wp-block-uagb-container uagb-block-1dfcfd9b\">\n<figure class=\"wp-block-image size-full\"><img decoding=\"async\" src=\"https:\/\/geyikhay13trade.com\/wp-content\/uploads\/2023\/05\/Adsiz-tasarim-8-2.svg\" alt=\"\" class=\"wp-image-24911\"\/><\/figure>\n<\/div>\n\n\n\n<div class=\"wp-block-uagb-container uagb-block-b572662f\">\n<figure class=\"wp-block-image size-full\"><img decoding=\"async\" src=\"https:\/\/geyikhay13trade.com\/wp-content\/uploads\/2023\/05\/Adsiz-tasarim-5-3.svg\" alt=\"\" class=\"wp-image-24912\"\/><\/figure>\n<\/div>\n\n\n\n<div class=\"wp-block-uagb-container uagb-block-d6dd6111\">\n<figure class=\"wp-block-image size-full\"><img decoding=\"async\" src=\"https:\/\/geyikhay13trade.com\/wp-content\/uploads\/2023\/05\/Adsiz-tasarim-19-1.svg\" alt=\"\" class=\"wp-image-24988\"\/><\/figure>\n<\/div>\n<\/div><\/div>\n\n\n\n<div class=\"wp-block-uagb-container uagb-block-76e0af75 alignfull uagb-is-root-container\"><div class=\"uagb-container-inner-blocks-wrap\">\n<div class=\"wp-block-uagb-container uagb-block-d8d90729\">\n<figure class=\"wp-block-image size-full\"><img decoding=\"async\" src=\"https:\/\/geyikhay13trade.com\/wp-content\/uploads\/2023\/05\/Adsiz-tasarim-9-4.svg\" alt=\"\" class=\"wp-image-24915\"\/><\/figure>\n<\/div>\n\n\n\n<div class=\"wp-block-uagb-container uagb-block-87239e7c\">\n<figure class=\"wp-block-image size-full\"><img decoding=\"async\" src=\"https:\/\/geyikhay13trade.com\/wp-content\/uploads\/2023\/05\/Adsiz-tasarim-8-3.svg\" alt=\"\" class=\"wp-image-24916\"\/><\/figure>\n<\/div>\n\n\n\n<div class=\"wp-block-uagb-container uagb-block-03cee277\">\n<figure class=\"wp-block-image size-full\"><img decoding=\"async\" src=\"https:\/\/geyikhay13trade.com\/wp-content\/uploads\/2023\/05\/Adsiz-tasarim-7-5.svg\" alt=\"\" class=\"wp-image-24917\"\/><\/figure>\n<\/div>\n\n\n\n<div class=\"wp-block-uagb-container uagb-block-6f69be73\">\n<figure class=\"wp-block-image size-full\"><img decoding=\"async\" src=\"https:\/\/geyikhay13trade.com\/wp-content\/uploads\/2023\/05\/Adsiz-tasarim-20-1.svg\" alt=\"\" class=\"wp-image-25000\"\/><\/figure>\n<\/div>\n\n\n\n<div class=\"wp-block-uagb-container uagb-block-4542496a\">\n<figure class=\"wp-block-image size-full\"><img decoding=\"async\" src=\"https:\/\/geyikhay13trade.com\/wp-content\/uploads\/2023\/05\/Adsiz-tasarim-4-4.svg\" alt=\"\" class=\"wp-image-24921\"\/><\/figure>\n<\/div>\n\n\n\n<div class=\"wp-block-uagb-container uagb-block-0faa8c72\">\n<figure class=\"wp-block-image size-full\"><img decoding=\"async\" src=\"https:\/\/geyikhay13trade.com\/wp-content\/uploads\/2023\/05\/Adsiz-tasarim-3-3.svg\" alt=\"\" class=\"wp-image-24920\"\/><\/figure>\n<\/div>\n\n\n\n<figure class=\"wp-block-image size-full\"><img decoding=\"async\" src=\"https:\/\/geyikhay13trade.com\/wp-content\/uploads\/2023\/05\/Adsiz-tasarim-20-3.svg\" alt=\"\" class=\"wp-image-25005\"\/><\/figure>\n<\/div><\/div>\n\n\n\n<figure class=\"wp-block-video\"><video controls src=\"https:\/\/geyikhay13trade.com\/wp-content\/uploads\/2023\/05\/WhatsApp-Video-2023-05-25-at-18.34.14-1.mp4\"><\/video><\/figure>\n","protected":false},"excerpt":{"rendered":"<p>Tar\u0131m ve Turizm alan\u0131nda faaliyet g\u00f6steren \u015firketimiz, \u0130stanbul Hali\u00e7 merkezli olarak m\u00fc\u015fterilerimize l\u00fcks ve e\u011flenceli bo\u011faz turu hizmeti de sunmaktad\u0131r. \u015eirketimiz, Narenciye ve Meyve de kaliteli \u00fcr\u00fcnlerle, turizm de g\u00fcler y\u00fczl\u00fc hizmet anlay\u0131\u015f\u0131yla sekt\u00f6rde \u00f6nc\u00fc bir konuma gelmi\u015ftir.<\/p>\n","protected":false},"author":1,"featured_media":0,"parent":0,"menu_order":0,"comment_status":"closed","ping_status":"closed","template":"","meta":{"_uag_custom_page_level_css":""},"uagb_featured_image_src":{"full":false,"thumbnail":false,"medium":false,"medium_large":false,"large":false,"1536x1536":false,"2048x2048":false,"post-thumbnail":false,"head-blog-single":false,"head-blog-archive":false,"head-blog-thumbnail":false},"uagb_author_info":{"display_name":"geyikhay13trade@gmail.com","author_link":"https:\/\/geyikhay13trade.com\/index.php\/author\/geyikhay13tradegmail-com\/"},"uagb_comment_info":0,"uagb_excerpt":"Tar\u0131m ve Turizm alan\u0131nda faaliyet g\u00f6steren \u015firketimiz, \u0130stanbul Hali\u00e7 merkezli olarak m\u00fc\u015fterilerimize l\u00fcks ve e\u011flenceli bo\u011faz turu hizmeti de sunmaktad\u0131r. \u015eirketimiz, Narenciye ve Meyve de kaliteli \u00fcr\u00fcnlerle, turizm de g\u00fcler y\u00fczl\u00fc hizmet anlay\u0131\u015f\u0131yla sekt\u00f6rde \u00f6nc\u00fc bir konuma gelmi\u015ftir.","_links":{"self":[{"href":"https:\/\/geyikhay13trade.com\/index.php\/wp-json\/wp\/v2\/pages\/573"}],"collection":[{"href":"https:\/\/geyikhay13trade.com\/index.php\/wp-json\/wp\/v2\/pages"}],"about":[{"href":"https:\/\/geyikhay13trade.com\/index.php\/wp-json\/wp\/v2\/types\/page"}],"author":[{"embeddable":true,"href":"https:\/\/geyikhay13trade.com\/index.php\/wp-json\/wp\/v2\/users\/1"}],"replies":[{"embeddable":true,"href":"https:\/\/geyikhay13trade.com\/index.php\/wp-json\/wp\/v2\/comments?post=573"}],"version-history":[{"count":44,"href":"https:\/\/geyikhay13trade.com\/index.php\/wp-json\/wp\/v2\/pages\/573\/revisions"}],"predecessor-version":[{"id":25045,"href":"https:\/\/geyikhay13trade.com\/index.php\/wp-json\/wp\/v2\/pages\/573\/revisions\/25045"}],"wp:attachment":[{"href":"https:\/\/geyikhay13trade.com\/index.php\/wp-json\/wp\/v2\/media?parent=573"}],"curies":[{"name":"wp","href":"https:\/\/api.w.org\/{rel}","templated":true}]}}