{"id":575,"date":"2023-04-23T20:25:51","date_gmt":"2023-04-23T17:25:51","guid":{"rendered":"https:\/\/geyikhay13trade.com\/?page_id=575"},"modified":"2023-05-25T18:48:00","modified_gmt":"2023-05-25T15:48:00","slug":"hakkimizda","status":"publish","type":"page","link":"https:\/\/geyikhay13trade.com\/index.php\/hakkimizda\/","title":{"rendered":"HAKKIMIZDA"},"content":{"rendered":"\n<p>Geyik Hay 13, 24 Temmuz 2020 tarihinde kurulan, \u0130stanbul&#8217;da temelleri at\u0131lm\u0131\u015f tar\u0131m \u00fcr\u00fcnleri ve turizm \u015firketidir. Firmam\u0131z, h\u00e2l d\u0131\u015f\u0131 t\u00fcccar s\u0131fat\u0131yla \u0130stanbul hallerine narenciye ve tropikal meyve ticareti yapmaktad\u0131r. Fabrikasyon ve paletleme i\u015flemlerimizi,  mersin b\u00f6lgesindeki fabrikalarda yapmaktay\u0131z. \u015eirketimiz, hem toptan hem de perakende olarak narenciye ve tropikal meyve ticareti yapmaktad\u0131r. Bunun yan\u0131 s\u0131ra turizm alan\u0131nda faaliyet g\u00f6steren \u015firketimiz, \u0130stanbul Hali\u00e7 merkezli olarak m\u00fc\u015fterilerimize l\u00fcks ve e\u011flenceli bo\u011faz turu hizmeti de sunmaktad\u0131r. \u015eirketimiz, kaliteli \u00fcr\u00fcnler ve g\u00fcler y\u00fczl\u00fc hizmet anlay\u0131\u015f\u0131yla sekt\u00f6rde \u00f6nc\u00fc bir konuma gelmi\u015ftir.<\/p>\n\n\n\n<div class=\"wp-block-uagb-container uagb-block-85a90a9f alignfull uagb-is-root-container\"><div class=\"uagb-container-inner-blocks-wrap\">\n<figure class=\"wp-block-video\"><video autoplay controls loop muted src=\"https:\/\/geyikhay13trade.com\/wp-content\/uploads\/2023\/05\/WhatsApp-Video-2023-05-25-at-16.42.17-2.mp4\"><\/video><\/figure>\n<\/div><\/div>\n","protected":false},"excerpt":{"rendered":"<p>Geyik Hay 13, 24 Temmuz 2020 tarihinde kurulan, \u0130stanbul&#8217;da temelleri at\u0131lm\u0131\u015f tar\u0131m \u00fcr\u00fcnleri ve turizm \u015firketidir. Firmam\u0131z, h\u00e2l d\u0131\u015f\u0131 t\u00fcccar s\u0131fat\u0131yla \u0130stanbul hallerine narenciye ve tropikal meyve ticareti yapmaktad\u0131r. Fabrikasyon ve paletleme i\u015flemlerimizi, mersin b\u00f6lgesindeki fabrikalarda yapmaktay\u0131z. \u015eirketimiz, hem toptan hem de perakende olarak narenciye ve tropikal meyve ticareti yapmaktad\u0131r. Bunun yan\u0131 s\u0131ra turizm alan\u0131nda&hellip;<\/p>\n","protected":false},"author":1,"featured_media":0,"parent":0,"menu_order":0,"comment_status":"closed","ping_status":"closed","template":"","meta":{"_uag_custom_page_level_css":""},"uagb_featured_image_src":{"full":false,"thumbnail":false,"medium":false,"medium_large":false,"large":false,"1536x1536":false,"2048x2048":false,"post-thumbnail":false,"head-blog-single":false,"head-blog-archive":false,"head-blog-thumbnail":false},"uagb_author_info":{"display_name":"geyikhay13trade@gmail.com","author_link":"https:\/\/geyikhay13trade.com\/index.php\/author\/geyikhay13tradegmail-com\/"},"uagb_comment_info":0,"uagb_excerpt":"Geyik Hay 13, 24 Temmuz 2020 tarihinde kurulan, \u0130stanbul&#8217;da temelleri at\u0131lm\u0131\u015f tar\u0131m \u00fcr\u00fcnleri ve turizm \u015firketidir. Firmam\u0131z, h\u00e2l d\u0131\u015f\u0131 t\u00fcccar s\u0131fat\u0131yla \u0130stanbul hallerine narenciye ve tropikal meyve ticareti yapmaktad\u0131r. Fabrikasyon ve paletleme i\u015flemlerimizi, mersin b\u00f6lgesindeki fabrikalarda yapmaktay\u0131z. \u015eirketimiz, hem toptan hem de perakende olarak narenciye ve tropikal meyve ticareti yapmaktad\u0131r. Bunun yan\u0131 s\u0131ra turizm alan\u0131nda&hellip;","_links":{"self":[{"href":"https:\/\/geyikhay13trade.com\/index.php\/wp-json\/wp\/v2\/pages\/575"}],"collection":[{"href":"https:\/\/geyikhay13trade.com\/index.php\/wp-json\/wp\/v2\/pages"}],"about":[{"href":"https:\/\/geyikhay13trade.com\/index.php\/wp-json\/wp\/v2\/types\/page"}],"author":[{"embeddable":true,"href":"https:\/\/geyikhay13trade.com\/index.php\/wp-json\/wp\/v2\/users\/1"}],"replies":[{"embeddable":true,"href":"https:\/\/geyikhay13trade.com\/index.php\/wp-json\/wp\/v2\/comments?post=575"}],"version-history":[{"count":12,"href":"https:\/\/geyikhay13trade.com\/index.php\/wp-json\/wp\/v2\/pages\/575\/revisions"}],"predecessor-version":[{"id":25030,"href":"https:\/\/geyikhay13trade.com\/index.php\/wp-json\/wp\/v2\/pages\/575\/revisions\/25030"}],"wp:attachment":[{"href":"https:\/\/geyikhay13trade.com\/index.php\/wp-json\/wp\/v2\/media?parent=575"}],"curies":[{"name":"wp","href":"https:\/\/api.w.org\/{rel}","templated":true}]}}