{"id":576,"date":"2023-04-23T20:25:51","date_gmt":"2023-04-23T17:25:51","guid":{"rendered":"https:\/\/geyikhay13trade.com\/?page_id=576"},"modified":"2023-12-16T17:37:27","modified_gmt":"2023-12-16T14:37:27","slug":"iletisim","status":"publish","type":"page","link":"https:\/\/geyikhay13trade.com\/index.php\/iletisim\/","title":{"rendered":"\u0130LET\u0130\u015e\u0130M"},"content":{"rendered":"\n<div class=\"wp-block-uagb-container uagb-block-02bf3fc1 alignfull uagb-is-root-container\"><div class=\"uagb-container-inner-blocks-wrap\">\n<p>\u00dcr\u00fcn ve hizmetlerimiz hakk\u0131nda daha detayl\u0131 bilgi almak i\u00e7in e-posta, telefon veya ileti\u015fim formumuz arac\u0131l\u0131\u011f\u0131 ile rahatl\u0131kla irtibat sa\u011flayabilirsiniz.<\/p>\n<\/div><\/div>\n\n\n\n<p><strong>ADRES:<\/strong> FAT\u0130H\/\u0130STANBUL<\/p>\n\n\n\n<p><strong>TELEFON:<\/strong> +90 536 317 8878 ( MURAT GEY\u0130K )<\/p>\n\n\n\n<p><strong>TELEFON:<\/strong> +90 555 384 16 54 ( ENG\u0130N GEY\u0130K )  <\/p>\n\n\n\n<p><strong>TELEFON:<\/strong> +39 329 332 6522 (MARZIO  GIACOMINI )  <\/p>\n\n\n\n<p><strong>TELEFON:<\/strong> +90 536 743 32 25 ( O\u011eUZHAN BAH\u00c7IVAN )  <\/p>\n\n\n\n<p><strong>TELEFON:<\/strong> +90 532 278 04 09 ( MEHMET FIRAT KURBAN )  <\/p>\n\n\n\n<p><strong>E-POSTA: <\/strong>info@geyikhay13trade.com<\/p>\n\n\n\n<p><\/p>\n\n\n<p><iframe loading=\"lazy\" style=\"border: 0;\" src=\"https:\/\/www.google.com\/maps\/embed?pb=!1m18!1m12!1m3!1d48167.99915365527!2d28.912421668567646!3d41.014316929989235!2m3!1f0!2f0!3f0!3m2!1i1024!2i768!4f13.1!3m3!1m2!1s0x14cab989e5fae399%3A0x34f0847eed8b22e0!2zRmF0aWgvxLBzdGFuYnVs!5e0!3m2!1str!2str!4v1685026731366!5m2!1str!2str\" width=\"600\" height=\"450\" allowfullscreen=\"allowfullscreen\"><\/iframe><\/p>","protected":false},"excerpt":{"rendered":"<p>\u00dcr\u00fcn ve hizmetlerimiz hakk\u0131nda daha detayl\u0131 bilgi almak i\u00e7in e-posta, telefon veya ileti\u015fim formumuz arac\u0131l\u0131\u011f\u0131 ile rahatl\u0131kla irtibat sa\u011flayabilirsiniz. ADRES: FAT\u0130H\/\u0130STANBUL TELEFON: +90 536 317 8878 ( MURAT GEY\u0130K ) TELEFON: +90 555 384 16 54 ( ENG\u0130N GEY\u0130K ) TELEFON: +39 329 332 6522 (MARZIO GIACOMINI ) TELEFON: +90 536 743 32 25 (&hellip;<\/p>\n","protected":false},"author":1,"featured_media":0,"parent":0,"menu_order":0,"comment_status":"closed","ping_status":"closed","template":"","meta":{"_uag_custom_page_level_css":""},"uagb_featured_image_src":{"full":false,"thumbnail":false,"medium":false,"medium_large":false,"large":false,"1536x1536":false,"2048x2048":false,"post-thumbnail":false,"head-blog-single":false,"head-blog-archive":false,"head-blog-thumbnail":false},"uagb_author_info":{"display_name":"geyikhay13trade@gmail.com","author_link":"https:\/\/geyikhay13trade.com\/index.php\/author\/geyikhay13tradegmail-com\/"},"uagb_comment_info":0,"uagb_excerpt":"\u00dcr\u00fcn ve hizmetlerimiz hakk\u0131nda daha detayl\u0131 bilgi almak i\u00e7in e-posta, telefon veya ileti\u015fim formumuz arac\u0131l\u0131\u011f\u0131 ile rahatl\u0131kla irtibat sa\u011flayabilirsiniz. ADRES: FAT\u0130H\/\u0130STANBUL TELEFON: +90 536 317 8878 ( MURAT GEY\u0130K ) TELEFON: +90 555 384 16 54 ( ENG\u0130N GEY\u0130K ) TELEFON: +39 329 332 6522 (MARZIO GIACOMINI ) TELEFON: +90 536 743 32 25 (&hellip;","_links":{"self":[{"href":"https:\/\/geyikhay13trade.com\/index.php\/wp-json\/wp\/v2\/pages\/576"}],"collection":[{"href":"https:\/\/geyikhay13trade.com\/index.php\/wp-json\/wp\/v2\/pages"}],"about":[{"href":"https:\/\/geyikhay13trade.com\/index.php\/wp-json\/wp\/v2\/types\/page"}],"author":[{"embeddable":true,"href":"https:\/\/geyikhay13trade.com\/index.php\/wp-json\/wp\/v2\/users\/1"}],"replies":[{"embeddable":true,"href":"https:\/\/geyikhay13trade.com\/index.php\/wp-json\/wp\/v2\/comments?post=576"}],"version-history":[{"count":29,"href":"https:\/\/geyikhay13trade.com\/index.php\/wp-json\/wp\/v2\/pages\/576\/revisions"}],"predecessor-version":[{"id":25037,"href":"https:\/\/geyikhay13trade.com\/index.php\/wp-json\/wp\/v2\/pages\/576\/revisions\/25037"}],"wp:attachment":[{"href":"https:\/\/geyikhay13trade.com\/index.php\/wp-json\/wp\/v2\/media?parent=576"}],"curies":[{"name":"wp","href":"https:\/\/api.w.org\/{rel}","templated":true}]}}